 
{"id":1821,"date":"2025-01-04T10:54:31","date_gmt":"2025-01-04T10:54:31","guid":{"rendered":"https:\/\/materials.international\/?page_id=1821"},"modified":"2025-01-05T08:11:09","modified_gmt":"2025-01-05T08:11:09","slug":"issue-3","status":"publish","type":"page","link":"https:\/\/materials.international\/?page_id=1821","title":{"rendered":"Issue 3"},"content":{"rendered":"\r\n<p class=\"has-text-align-center\"><strong>Issue 3 (10th September 2024), Volume 6, Materials International<\/strong><\/p>\r\n\r\n\r\n<hr class=\"wp-block-separator is-style-wide\" \/>\r\n\r\n<h2 class=\"wp-block-heading\"><strong>(1) A Numerical Simulation Approach Towards Efficient MASnI3-Based Solar Cell Using Mg2Mn3O8 as the Hole Transport Layer <\/strong><\/h2>\r\n\r\n\r\n\r\n<p> Mojoyinola Kofoworola Awodele, Olusola Akinrinola, Samson Akinsanmi Ige, George Atilade \u00c0l\u00e0gb\u00e9, Omowunmi Abidemi Akinrinola, Oluwaseun Adedokun, Festus Akintunde Ojeniyi, Kazeem Kolawole Oyerinde, Ayodeji Oladiran Awodugba <\/p>\r\n\r\n\r\n\r\n<p class=\"has-text-align-right\"><a href=\"https:\/\/doi.org\/10.33263\/Materials63.021\">https:\/\/doi.org\/10.33263\/Materials63.021<\/a><\/p>\r\n\r\n\r\n\r\n<div class=\"wp-block-file alignright\"><a class=\"wp-block-file__button\" href=\"https:\/\/materials.international\/wp-content\/uploads\/2025\/01\/Materials63.021.pdf\" download=\"\" aria-describedby=\"wp-block-file--media-c20caefc-ade9-458b-bbb6-0c20ccd919c8\">Download<\/a><\/div>\r\n\r\n<hr class=\"wp-block-separator is-style-wide\" \/>\r\n\r\n<h2 class=\"wp-block-heading\"><strong>(2) The Economy of Adsorption Process: Factors of Equilibrium, Adsorbent Cost, Contact Time and Temperature <\/strong><\/h2>\r\n\r\n\r\n\r\n<p> Saheed Adesokan, Abdur-Rahim Giwa, Isah Bello <\/p>\r\n\r\n\r\n\r\n<p class=\"has-text-align-right\"><a href=\"https:\/\/doi.org\/10.33263\/Materials63.022\">https:\/\/doi.org\/10.33263\/Materials63.022<\/a><\/p>\r\n\r\n\r\n\r\n<div class=\"wp-block-file alignright\"><a class=\"wp-block-file__button\" href=\"https:\/\/materials.international\/wp-content\/uploads\/2025\/01\/Materials63.022.pdf\" download=\"\" aria-describedby=\"wp-block-file--media-c20caefc-ade9-458b-bbb6-0c20ccd919c8\">Download<\/a><\/div>\r\n\r\n<hr class=\"wp-block-separator is-style-wide\" \/>\r\n\r\n<h2 class=\"wp-block-heading\"><strong>(3) Advances of Synthesis of Hexagonal Boron Nitride for Industrial Applications: A Review <\/strong><\/h2>\r\n\r\n\r\n\r\n<p> Tanima Mog, Mitali Saha <\/p>\r\n\r\n\r\n\r\n<p class=\"has-text-align-right\"><a href=\"https:\/\/doi.org\/10.33263\/Materials63.023\">https:\/\/doi.org\/10.33263\/Materials63.023<\/a><\/p>\r\n\r\n\r\n\r\n<div class=\"wp-block-file alignright\"><a class=\"wp-block-file__button\" href=\"https:\/\/materials.international\/wp-content\/uploads\/2025\/01\/Materials63.023.pdf\" download=\"\" aria-describedby=\"wp-block-file--media-c20caefc-ade9-458b-bbb6-0c20ccd919c8\">Download<\/a><\/div>\r\n\r\n<hr class=\"wp-block-separator is-style-wide\" \/>\r\n\r\n<h2 class=\"wp-block-heading\"><strong>(4) Adsorption, Thermodynamics, and Kinetic Studies on Beryllium Ions Removal from Aqueous Solutions by Amberlite XAD-2010 Resin Impregnated with Calcion <\/strong><\/h2>\r\n\r\n\r\n\r\n<p> Wafaa Badawy, Walaa Hafez, Shaimaa Abdulmoteleb, Hayat El Agamy, Mohamed Atrees <\/p>\r\n\r\n\r\n\r\n<p class=\"has-text-align-right\"><a href=\"https:\/\/doi.org\/10.33263\/Materials63.024\">https:\/\/doi.org\/10.33263\/Materials63.024<\/a><\/p>\r\n\r\n\r\n\r\n<div class=\"wp-block-file alignright\"><a class=\"wp-block-file__button\" href=\"https:\/\/materials.international\/wp-content\/uploads\/2025\/01\/Materials63.024.pdf\" download=\"\" aria-describedby=\"wp-block-file--media-c20caefc-ade9-458b-bbb6-0c20ccd919c8\">Download<\/a><\/div>\r\n\r\n<hr class=\"wp-block-separator is-style-wide\" \/>\r\n\r\n<h2 class=\"wp-block-heading\"><strong>(5) Thermodynamic and Kinetic Study of Corrosion Inhibition of Mild Steel by Plant Extract in Acidic Medium <\/strong><\/h2>\r\n\r\n\r\n\r\n<p> Suchitra Chaudhary, Rakesh K. Tak, Kavita Kumari, Nikita Sharma <\/p>\r\n\r\n\r\n\r\n<p class=\"has-text-align-right\"><a href=\"https:\/\/doi.org\/10.33263\/Materials63.025\">https:\/\/doi.org\/10.33263\/Materials63.025<\/a><\/p>\r\n\r\n\r\n\r\n<div class=\"wp-block-file alignright\"><a class=\"wp-block-file__button\" href=\"https:\/\/materials.international\/wp-content\/uploads\/2025\/01\/Materials63.025.pdf\" download=\"\" aria-describedby=\"wp-block-file--media-c20caefc-ade9-458b-bbb6-0c20ccd919c8\">Download<\/a><\/div>\r\n\r\n<hr class=\"wp-block-separator is-style-wide\" \/>\r\n\r\n<h2 class=\"wp-block-heading\"><strong>(6) Synthesis, Crystal Structure, Optical, Electrochemical Investigations of La2ZrZnO6 Ceramic Nanoparticles <\/strong><\/h2>\r\n\r\n\r\n\r\n<p> Madhukumar H. N., Shivakumar P., Manoj M., Ramesh S., Yogesh T. G. <\/p>\r\n\r\n\r\n\r\n<p class=\"has-text-align-right\"><a href=\"https:\/\/doi.org\/10.33263\/Materials63.026\">https:\/\/doi.org\/10.33263\/Materials63.026<\/a><\/p>\r\n\r\n\r\n\r\n<div class=\"wp-block-file alignright\"><a class=\"wp-block-file__button\" href=\"https:\/\/materials.international\/wp-content\/uploads\/2025\/01\/Materials63.026.pdf\" download=\"\" aria-describedby=\"wp-block-file--media-c20caefc-ade9-458b-bbb6-0c20ccd919c8\">Download<\/a><\/div>\r\n\r\n\r\n<hr class=\"wp-block-separator is-style-wide\" \/>\r\n\r\n<h2 class=\"wp-block-heading\"><strong>(7) Efficient Removal of Cassava Wastewater Contaminants Using Plantain Peel-Derived Activated Carbon <\/strong><\/h2>\r\n\r\n\r\n\r\n<p> Oluwayemi O. Onawumi, Joseph A. Olaniyan, Akintomiwa O. Esan, Olubunmi A. Adewusi, Abigeal O. Yusuff, Ayodeji O. Odedele <\/p>\r\n\r\n\r\n\r\n<p class=\"has-text-align-right\"><a href=\"https:\/\/doi.org\/10.33263\/Materials63.027\">https:\/\/doi.org\/10.33263\/Materials63.027<\/a><\/p>\r\n\r\n\r\n\r\n<div class=\"wp-block-file alignright\"><a class=\"wp-block-file__button\" href=\"https:\/\/materials.international\/wp-content\/uploads\/2025\/01\/Materials63.027.pdf\" download=\"\" aria-describedby=\"wp-block-file--media-c20caefc-ade9-458b-bbb6-0c20ccd919c8\">Download<\/a><\/div>\r\n\r\n<hr class=\"wp-block-separator is-style-wide\" \/>\r\n\r\n<h2 class=\"wp-block-heading\"><strong>(8) Convective Diffusive Mass Transfer over a Rectangular Channel in the Human Cardio System <\/strong><\/h2>\r\n\r\n\r\n\r\n<p> Punith Kumar, Sravan Kumar Thavada, Vijaya KumarAvula Golla <\/p>\r\n\r\n\r\n\r\n<p class=\"has-text-align-right\"><a href=\"https:\/\/doi.org\/10.33263\/Materials63.028\">https:\/\/doi.org\/10.33263\/Materials63.028<\/a><\/p>\r\n\r\n\r\n\r\n<div class=\"wp-block-file alignright\"><a class=\"wp-block-file__button\" href=\"https:\/\/materials.international\/wp-content\/uploads\/2025\/01\/Materials63.028.pdf\" download=\"\" aria-describedby=\"wp-block-file--media-c20caefc-ade9-458b-bbb6-0c20ccd919c8\">Download<\/a><\/div>\r\n\r\n<hr class=\"wp-block-separator is-style-wide\" \/>\r\n\r\n<h2 class=\"wp-block-heading\"><strong>(9) Optimizing Biological Systems Using Fuzzy Logic and AI: A Novel Approach <\/strong><\/h2>\r\n\r\n\r\n\r\n<p> Dr. Yogeesh N, Dr. Girija D.K, Dr. Rashmi M, Dr. Divyashree J <\/p>\r\n\r\n\r\n\r\n<p class=\"has-text-align-right\"><a href=\"https:\/\/doi.org\/10.33263\/Materials63.029\">https:\/\/doi.org\/10.33263\/Materials63.029<\/a><\/p>\r\n\r\n\r\n\r\n<div class=\"wp-block-file alignright\"><a class=\"wp-block-file__button\" href=\"https:\/\/materials.international\/wp-content\/uploads\/2025\/01\/Materials63.029.pdf\" download=\"\" aria-describedby=\"wp-block-file--media-c20caefc-ade9-458b-bbb6-0c20ccd919c8\">Download<\/a><\/div>\r\n\r\n<hr class=\"wp-block-separator is-style-wide\" \/>\r\n\r\n<h2 class=\"wp-block-heading\"><strong>(10) Theoretical Description for Cadmium and Mercurium Economical and Green Electrochemical Sensing and Removal, Assisted by Conducting Polymer of Toxin from L. Necator <\/strong><\/h2>\r\n\r\n\r\n\r\n<p> Volodymyr V. Tkach, Tetiana V. Morozova, Marta V. Kushnir, Zukhra Z. Yakhshiyeva, Fahriddin A. Umarov, Yana G. Ivanushko, Jos\u00e9 In\u00e1cio Ferr\u00e3o da Paiva Martins, Jarem R. Garcia, Galyna M. Pochenchuk, Necdet Karakoyun, Petro I. Yagodynets\u2019 <\/p>\r\n\r\n\r\n\r\n<p class=\"has-text-align-right\"><a href=\"https:\/\/doi.org\/10.33263\/Materials63.030\">https:\/\/doi.org\/10.33263\/Materials63.030<\/a><\/p>\r\n\r\n\r\n\r\n<div class=\"wp-block-file alignright\"><a class=\"wp-block-file__button\" href=\"https:\/\/materials.international\/wp-content\/uploads\/2025\/01\/Materials63.030.pdf\" download=\"\" aria-describedby=\"wp-block-file--media-c20caefc-ade9-458b-bbb6-0c20ccd919c8\">Download<\/a><\/div>\r\n\r\n<hr class=\"wp-block-separator is-style-wide\" \/>\r\n","protected":false},"excerpt":{"rendered":"<p>Issue 3 (10th September 2024), Volume 6, Materials International (1) A Numerical Simulation Approach Towards Efficient MASnI3-Based Solar Cell Using Mg2Mn3O8 as the Hole Transport Layer Mojoyinola Kofoworola Awodele, Olusola Akinrinola, Samson Akinsanmi Ige, George Atilade \u00c0l\u00e0gb\u00e9, Omowunmi Abidemi Akinrinola, Oluwaseun Adedokun, Festus Akintunde Ojeniyi, Kazeem Kolawole Oyerinde, Ayodeji Oladiran Awodugba https:\/\/doi.org\/10.33263\/Materials63.021 (2) The Economy of Adsorption Process: Factors of Equilibrium, Adsorbent Cost, Contact Time and Temperature Saheed Adesokan, Abdur-Rahim Giwa, Isah Bello https:\/\/doi.org\/10.33263\/Materials63.022 (3) Advances of Synthesis of Hexagonal Boron Nitride for Industrial Applications: A Review Tanima Mog, Mitali Saha https:\/\/doi.org\/10.33263\/Materials63.023 (4) Adsorption, Thermodynamics, and Kinetic Studies on Beryllium &hellip;<\/p>\n","protected":false},"author":1,"featured_media":0,"parent":1815,"menu_order":3,"comment_status":"closed","ping_status":"closed","template":"","meta":{"pagelayer_contact_templates":[],"_pagelayer_content":"","footnotes":""},"class_list":["post-1821","page","type-page","status-publish","hentry"],"_links":{"self":[{"href":"https:\/\/materials.international\/index.php?rest_route=\/wp\/v2\/pages\/1821","targetHints":{"allow":["GET"]}}],"collection":[{"href":"https:\/\/materials.international\/index.php?rest_route=\/wp\/v2\/pages"}],"about":[{"href":"https:\/\/materials.international\/index.php?rest_route=\/wp\/v2\/types\/page"}],"author":[{"embeddable":true,"href":"https:\/\/materials.international\/index.php?rest_route=\/wp\/v2\/users\/1"}],"replies":[{"embeddable":true,"href":"https:\/\/materials.international\/index.php?rest_route=%2Fwp%2Fv2%2Fcomments&post=1821"}],"version-history":[{"count":14,"href":"https:\/\/materials.international\/index.php?rest_route=\/wp\/v2\/pages\/1821\/revisions"}],"predecessor-version":[{"id":1926,"href":"https:\/\/materials.international\/index.php?rest_route=\/wp\/v2\/pages\/1821\/revisions\/1926"}],"up":[{"embeddable":true,"href":"https:\/\/materials.international\/index.php?rest_route=\/wp\/v2\/pages\/1815"}],"wp:attachment":[{"href":"https:\/\/materials.international\/index.php?rest_route=%2Fwp%2Fv2%2Fmedia&parent=1821"}],"curies":[{"name":"wp","href":"https:\/\/api.w.org\/{rel}","templated":true}]}}