 
{"id":1792,"date":"2024-02-24T09:07:37","date_gmt":"2024-02-24T09:07:37","guid":{"rendered":"https:\/\/materials.international\/?page_id=1792"},"modified":"2024-02-24T09:28:22","modified_gmt":"2024-02-24T09:28:22","slug":"issue-3","status":"publish","type":"page","link":"https:\/\/materials.international\/?page_id=1792","title":{"rendered":"Issue 3"},"content":{"rendered":"\r\n<p class=\"has-text-align-center\"><strong>Issue 3 (10th September 2023), Volume 5, Materials International<\/strong><\/p>\r\n\r\n\r\n\r\n<hr class=\"wp-block-separator is-style-wide\"\/>\r\n\r\n\r\n\r\n<h2 class=\"wp-block-heading\"><strong>(1) The Theoretical Description for the Electrochemical Synthesis of an Economic and Green CoO(OH)-based Hybrid Composite <\/strong><\/h2>\r\n\r\n\r\n\r\n<p> Volodymyr V. Tkach, Marta V. Kushnir, S\u00edlvio C. de Oliveira, Jos\u00e9 In\u00e1cio Ferr\u00e3o de Paiva Martins, Lucinda Vaz dos Reis, Jarem R. Garcia, Petro I. Yagodynets\u00b4, Yana G. Ivanushko, Tetiana V. Morozova, Galyna M. Pochenchuk <\/p>\r\n\r\n\r\n\r\n<p class=\"has-text-align-right\"><a href=\"https:\/\/doi.org\/10.33263\/Materials53.001\">https:\/\/doi.org\/10.33263\/Materials53.001<\/a><\/p>\r\n\r\n\r\n\r\n<div class=\"wp-block-file alignright\"><a href=\"https:\/\/materials.international\/wp-content\/uploads\/2023\/09\/Materials53.001.pdf\" class=\"wp-block-file__button\" download aria-describedby=\"wp-block-file--media-c20caefc-ade9-458b-bbb6-0c20ccd919c8\">Download<\/a><\/div>\r\n\r\n\r\n<hr class=\"wp-block-separator is-style-wide\"\/>\r\n\r\n\r\n\r\n<h2 class=\"wp-block-heading\"><strong>(2) Computing Topological Indices of Two-Dimensional Lattice of Cu \u2013 BHS Nanocrystal Structure <\/strong><\/h2>\r\n\r\n\r\n\r\n<p> Sathish Krishnan, Prathab Harinathan <\/p>\r\n\r\n\r\n\r\n<p class=\"has-text-align-right\"><a href=\"https:\/\/doi.org\/10.33263\/Materials53.002\">https:\/\/doi.org\/10.33263\/Materials53.002<\/a><\/p>\r\n\r\n\r\n\r\n<div class=\"wp-block-file alignright\"><a href=\"https:\/\/materials.international\/wp-content\/uploads\/2023\/09\/Materials53.002.pdf\" class=\"wp-block-file__button\" download aria-describedby=\"wp-block-file--media-c20caefc-ade9-458b-bbb6-0c20ccd919c8\">Download<\/a><\/div>\r\n\r\n","protected":false},"excerpt":{"rendered":"<p>Issue 3 (10th September 2023), Volume 5, Materials International (1) The Theoretical Description for the Electrochemical Synthesis of an Economic and Green CoO(OH)-based Hybrid Composite Volodymyr V. Tkach, Marta V. Kushnir, S\u00edlvio C. de Oliveira, Jos\u00e9 In\u00e1cio Ferr\u00e3o de Paiva Martins, Lucinda Vaz dos Reis, Jarem R. Garcia, Petro I. Yagodynets\u00b4, Yana G. Ivanushko, Tetiana V. Morozova, Galyna M. Pochenchuk https:\/\/doi.org\/10.33263\/Materials53.001 (2) Computing Topological Indices of Two-Dimensional Lattice of Cu \u2013 BHS Nanocrystal Structure Sathish Krishnan, Prathab Harinathan https:\/\/doi.org\/10.33263\/Materials53.002<\/p>\n","protected":false},"author":1,"featured_media":0,"parent":1776,"menu_order":3,"comment_status":"closed","ping_status":"closed","template":"","meta":{"pagelayer_contact_templates":[],"_pagelayer_content":"","footnotes":""},"class_list":["post-1792","page","type-page","status-publish","hentry"],"_links":{"self":[{"href":"https:\/\/materials.international\/index.php?rest_route=\/wp\/v2\/pages\/1792","targetHints":{"allow":["GET"]}}],"collection":[{"href":"https:\/\/materials.international\/index.php?rest_route=\/wp\/v2\/pages"}],"about":[{"href":"https:\/\/materials.international\/index.php?rest_route=\/wp\/v2\/types\/page"}],"author":[{"embeddable":true,"href":"https:\/\/materials.international\/index.php?rest_route=\/wp\/v2\/users\/1"}],"replies":[{"embeddable":true,"href":"https:\/\/materials.international\/index.php?rest_route=%2Fwp%2Fv2%2Fcomments&post=1792"}],"version-history":[{"count":3,"href":"https:\/\/materials.international\/index.php?rest_route=\/wp\/v2\/pages\/1792\/revisions"}],"predecessor-version":[{"id":1799,"href":"https:\/\/materials.international\/index.php?rest_route=\/wp\/v2\/pages\/1792\/revisions\/1799"}],"up":[{"embeddable":true,"href":"https:\/\/materials.international\/index.php?rest_route=\/wp\/v2\/pages\/1776"}],"wp:attachment":[{"href":"https:\/\/materials.international\/index.php?rest_route=%2Fwp%2Fv2%2Fmedia&parent=1792"}],"curies":[{"name":"wp","href":"https:\/\/api.w.org\/{rel}","templated":true}]}}