 
{"id":1751,"date":"2022-03-10T12:09:52","date_gmt":"2022-03-10T12:09:52","guid":{"rendered":"https:\/\/materials.international\/?page_id=1751"},"modified":"2024-02-24T09:19:37","modified_gmt":"2024-02-24T09:19:37","slug":"issue-2","status":"publish","type":"page","link":"https:\/\/materials.international\/?page_id=1751","title":{"rendered":"Issue 2"},"content":{"rendered":"\r\n<p class=\"has-text-align-center\"><strong>Issue 2 (10th June 2022), Volume 4, Materials International<\/strong><\/p>\r\n\r\n\r\n<hr class=\"wp-block-separator is-style-wide\" \/>\r\n\r\n\r\n<h2 class=\"wp-block-heading\"><strong>(1) Indium Tin Oxide Fabricated at Low Energy Consumption Conditions for Silicon Solar Cell Technology <\/strong><\/h2>\r\n\r\n\r\n\r\n<p>Susana M. Fern\u00e1ndez, Jos\u00e9 Pablo Gonz\u00e1lez, Ignacio Torres, Javier Grandal, Alejandro F. Bra\u00f1a, Maria Bel\u00e9n G\u00f3mez-Mancebo, J.J. Gand\u00eda<\/p>\r\n\r\n\r\n\r\n<p class=\"has-text-align-right\"><a href=\"https:\/\/doi.org\/10.33263\/Materials42.001\">https:\/\/doi.org\/10.33263\/Materials42.001<\/a><\/p>\r\n\r\n\r\n\r\n<div class=\"wp-block-file alignright\"><a class=\"wp-block-file__button\" href=\"https:\/\/materials.international\/wp-content\/uploads\/2022\/06\/Materials42.001.pdf\" download=\"\" aria-describedby=\"wp-block-file--media-c20caefc-ade9-458b-bbb6-0c20ccd919c8\">Download<\/a><\/div>\r\n\r\n\r\n<hr class=\"wp-block-separator is-style-wide\" \/>\r\n\r\n\r\n<h2 class=\"wp-block-heading\"><strong>(2) Using Hazelnut Shells to Remove Pollutants from Aqueous Media (a Literature Review) <\/strong><\/h2>\r\n\r\n\r\n\r\n<p>Ildar G. Shaikhiev, Natalia V. Kraysman, Svetlana V. Sverguzova<\/p>\r\n\r\n\r\n\r\n<p class=\"has-text-align-right\"><a href=\"https:\/\/doi.org\/10.33263\/Materials42.002\">https:\/\/doi.org\/10.33263\/Materials42.002<\/a><\/p>\r\n\r\n\r\n\r\n<div class=\"wp-block-file alignright\"><a class=\"wp-block-file__button\" href=\"https:\/\/materials.international\/wp-content\/uploads\/2022\/06\/Materials42.002.pdf\" download=\"\" aria-describedby=\"wp-block-file--media-c20caefc-ade9-458b-bbb6-0c20ccd919c8\">Download<\/a><\/div>\r\n\r\n\r\n<hr class=\"wp-block-separator is-style-wide\" \/>\r\n\r\n","protected":false},"excerpt":{"rendered":"<p>Issue 2 (10th June 2022), Volume 4, Materials International (1) Indium Tin Oxide Fabricated at Low Energy Consumption Conditions for Silicon Solar Cell Technology Susana M. Fern\u00e1ndez, Jos\u00e9 Pablo Gonz\u00e1lez, Ignacio Torres, Javier Grandal, Alejandro F. Bra\u00f1a, Maria Bel\u00e9n G\u00f3mez-Mancebo, J.J. Gand\u00eda https:\/\/doi.org\/10.33263\/Materials42.001 (2) Using Hazelnut Shells to Remove Pollutants from Aqueous Media (a Literature Review) Ildar G. Shaikhiev, Natalia V. Kraysman, Svetlana V. Sverguzova https:\/\/doi.org\/10.33263\/Materials42.002<\/p>\n","protected":false},"author":1,"featured_media":0,"parent":1690,"menu_order":2,"comment_status":"closed","ping_status":"closed","template":"","meta":{"pagelayer_contact_templates":[],"_pagelayer_content":"","footnotes":""},"class_list":["post-1751","page","type-page","status-publish","hentry"],"_links":{"self":[{"href":"https:\/\/materials.international\/index.php?rest_route=\/wp\/v2\/pages\/1751","targetHints":{"allow":["GET"]}}],"collection":[{"href":"https:\/\/materials.international\/index.php?rest_route=\/wp\/v2\/pages"}],"about":[{"href":"https:\/\/materials.international\/index.php?rest_route=\/wp\/v2\/types\/page"}],"author":[{"embeddable":true,"href":"https:\/\/materials.international\/index.php?rest_route=\/wp\/v2\/users\/1"}],"replies":[{"embeddable":true,"href":"https:\/\/materials.international\/index.php?rest_route=%2Fwp%2Fv2%2Fcomments&post=1751"}],"version-history":[{"count":7,"href":"https:\/\/materials.international\/index.php?rest_route=\/wp\/v2\/pages\/1751\/revisions"}],"predecessor-version":[{"id":1797,"href":"https:\/\/materials.international\/index.php?rest_route=\/wp\/v2\/pages\/1751\/revisions\/1797"}],"up":[{"embeddable":true,"href":"https:\/\/materials.international\/index.php?rest_route=\/wp\/v2\/pages\/1690"}],"wp:attachment":[{"href":"https:\/\/materials.international\/index.php?rest_route=%2Fwp%2Fv2%2Fmedia&parent=1751"}],"curies":[{"name":"wp","href":"https:\/\/api.w.org\/{rel}","templated":true}]}}