 
{"id":1178,"date":"2020-02-08T07:18:34","date_gmt":"2020-02-08T07:18:34","guid":{"rendered":"https:\/\/materials.international\/?page_id=1178"},"modified":"2020-03-11T09:04:12","modified_gmt":"2020-03-11T09:04:12","slug":"issue-1","status":"publish","type":"page","link":"https:\/\/materials.international\/?page_id=1178","title":{"rendered":"Issue 1"},"content":{"rendered":"\n<p class=\"has-text-color has-text-align-center has-accent-1-color\"> <strong>Issue 1 (10th March 2020), Volume 2, Materials International<\/strong> <\/p>\n\n\n\n<p class=\"has-text-align-left\"><strong>1)  Call for papers on special issue \u201cConcentrated solar power in industrial technologies, metallurgy and materials science\u201d <\/strong><\/p>\n\n\n\n<p class=\"has-text-align-right\"><a href=\"https:\/\/doi.org\/10.33263\/Materials21.044044\">https:\/\/doi.org\/10.33263\/Materials21.044044<\/a><\/p>\n\n\n\n<p><strong>Jaroslav Kovacik <sup>1,*<\/sup><a href=\"http:\/\/orcid.org\/0000-0002-6970-0406\"><\/a> <\/strong><\/p>\n\n\n\n<p><sup>1<\/sup>&nbsp;&nbsp; Institute\nof Materials and Machine Mechanics, Slovak Academy of Sciences, Bratislava,\nSlovakia<\/p>\n\n\n\n<p class=\"has-text-align-right\"><strong>*<\/strong>&nbsp; Correspondence: <a href=\"mailto:ummsjk@savba.sk\">ummsjk@savba.sk<\/a>;  Scopus ID: <a href=\"https:\/\/www.scopus.com\/authid\/detail.uri?authorId=7004320408\">7004320408<\/a> <\/p>\n\n\n\n<div class=\"wp-block-file alignright\"><a href=\"https:\/\/materials.international\/wp-content\/uploads\/2020\/02\/2668572821044044.pdf\" class=\"wp-block-file__button\" download>Download<\/a><\/div>\n\n\n\n<hr class=\"wp-block-separator is-style-wide\"\/>\n\n\n\n<p><\/p>\n\n\n\n<p><\/p>\n\n\n\n<p><strong>2)  Call for papers on special issue \u201cPerformance-based Service Life Design of reinforced recycled aggregate concrete\u201d <\/strong><\/p>\n\n\n\n<p class=\"has-text-align-right\"><a href=\"https:\/\/doi.org\/10.33263\/Materials21.045045\">https:\/\/doi.org\/10.33263\/Materials21.045045<\/a><\/p>\n\n\n\n<p><strong>Jorge de Brito <sup>1,*<\/sup><a href=\"https:\/\/orcid.org\/0000-0001-6766-2736\"><\/a>, Rui Neves <sup>2<\/sup><\/strong><a href=\"https:\/\/orcid.org\/0000-0002-8055-0314\"><\/a><\/p>\n\n\n\n<p><sup>1<\/sup>&nbsp;&nbsp; CERIS,\nIST, University of Lisbon,&nbsp;Portugal<\/p>\n\n\n\n<p><sup>2&nbsp; <\/sup>Polytechnic Institute of Setubal \u2013 Barreiro Technology School,&nbsp;Portugal<\/p>\n\n\n\n<p class=\"has-text-align-right\"><strong>*<\/strong>&nbsp; Correspondence:\n<a href=\"mailto:jb@civil.ist.utl.pt\">jb@civil.ist.utl.pt<\/a>; Scopus ID: <a href=\"https:\/\/www.scopus.com\/authid\/detail.uri?authorId=7003285554\">7003285554<\/a><\/p>\n\n\n\n<p class=\"has-text-align-right\"><a href=\"mailto:rui.neves@estbarreiro.ips.pt\">rui.neves@estbarreiro.ips.pt<\/a>; Scopus ID: <a href=\"https:\/\/www.scopus.com\/authid\/detail.uri?authorId=12783216200\">12783216200<\/a><\/p>\n\n\n\n<div class=\"wp-block-file alignright\"><a href=\"https:\/\/materials.international\/wp-content\/uploads\/2020\/02\/2668572821045045.pdf\" class=\"wp-block-file__button\" download>Download<\/a><\/div>\n\n\n\n<hr class=\"wp-block-separator is-style-wide\"\/>\n\n\n\n<p><\/p>\n\n\n\n<p><strong>3)  Call for papers on special issue \u201cCurrent trends in biopolymer-based materials\u201d <\/strong><\/p>\n\n\n\n<p class=\"has-text-align-right\"><a href=\"https:\/\/doi.org\/10.33263\/Materials21.046046\">https:\/\/doi.org\/10.33263\/Materials21.046046<\/a><\/p>\n\n\n\n<p><strong>Victor Manuel Perez-Puyana <sup>1,*<\/sup><a href=\"https:\/\/orcid.org\/0000-0001-5309-9647\"><\/a>, Alberto Romero Garc\u00eda <sup>1<\/sup><\/strong><a href=\"http:\/\/orcid.org\/0000-0002-6323-9938\"><\/a><\/p>\n\n\n\n<p><sup>1<\/sup>&nbsp;&nbsp; Departamento\nde Ingenier\u00eda Qu\u00edmica, Facultad de Qu\u00edmica, Universidad de Sevilla, 41012,\nSevilla,&nbsp;Spain<\/p>\n\n\n\n<p class=\"has-text-align-right\"><strong>*<\/strong>&nbsp; Correspondence:\n<a href=\"mailto:vperez11@us.es\">vperez11@us.es<\/a>; Scopus ID: <a href=\"https:\/\/www.scopus.com\/authid\/detail.uri?authorId=57131453400\">57131453400<\/a><\/p>\n\n\n\n<p class=\"has-text-align-right\"><a href=\"mailto:alromero@us.es\">alromero@us.es<\/a>; Scopus ID: <a href=\"https:\/\/www.scopus.com\/authid\/detail.uri?authorId=57200995978\">57200995978<\/a><\/p>\n\n\n\n<div class=\"wp-block-file alignright\"><a href=\"https:\/\/materials.international\/wp-content\/uploads\/2020\/02\/2668572821046046.pdf\" class=\"wp-block-file__button\" download>Download<\/a><\/div>\n\n\n\n<hr class=\"wp-block-separator is-style-wide\"\/>\n\n\n\n<p><\/p>\n\n\n\n<p><strong>4)  Call for papers on special issue \u201cRecent developments of molecularly imprinted materials\u201d <\/strong><\/p>\n\n\n\n<p class=\"has-text-align-right\"><a href=\"https:\/\/doi.org\/10.33263\/Materials21.047047\">https:\/\/doi.org\/10.33263\/Materials21.047047<\/a><\/p>\n\n\n\n<p><strong>Elias Bou-Maroun <sup>1,*<\/sup><\/strong><\/p>\n\n\n\n<p><sup>1<\/sup> AgroSup Dijon, Univ. Bourgogne Franche-Comt\u00e9, PAM UMR A 02.102, Proc\u00e9d\u00e9s Alimentaires et Microbiologiques, F-21000 Dijon,&nbsp;France <\/p>\n\n\n\n<p class=\"has-text-align-right\"><strong>*<\/strong>&nbsp; Correspondence: <a href=\"mailto:elias.bou-maroun@agrosupdijon.fr\">elias.bou-maroun@agrosupdijon.fr<\/a>; Scopus ID: <a href=\"https:\/\/www.scopus.com\/authid\/detail.uri?authorId=14064444900\">14064444900<\/a><\/p>\n\n\n\n<div class=\"wp-block-file alignright\"><a href=\"https:\/\/materials.international\/wp-content\/uploads\/2020\/02\/2668572821047047.pdf\" class=\"wp-block-file__button\" download>Download<\/a><\/div>\n\n\n\n<hr class=\"wp-block-separator is-style-wide\"\/>\n\n\n\n<p><\/p>\n\n\n\n<p><strong>5)  Call for papers on special issue \u201cAdvances in additive manufacturing: modeling, design, and application\u201d<\/strong> <\/p>\n\n\n\n<p class=\"has-text-align-right\"><a href=\"https:\/\/doi.org\/10.33263\/Materials21.048048\">https:\/\/doi.org\/10.33263\/Materials21.048048<\/a><\/p>\n\n\n\n<p><strong>Mohammad Elahinia <sup>1,*<\/sup>, Mohammadreza Nematollahi <sup>1,*<\/sup>, Nima Shamsaei <sup>2,*<\/sup><\/strong><a href=\"https:\/\/orcid.org\/0000-0003-0325-7314\"><\/a><\/p>\n\n\n\n<p><sup>1<\/sup>&nbsp;&nbsp; Dynamic\nand Smart Systems Laboratory, Mechanical Industrial and Manufacturing\nEngineering Department, The University of Toledo, OH 43606,&nbsp;United States<\/p>\n\n\n\n<p><sup>2<\/sup>&nbsp;&nbsp; National\nCenter for Additive Manufacturing Excellence (NCAME), Auburn University,\nAuburn, AL 36849,&nbsp;United States<\/p>\n\n\n\n<p class=\"has-text-align-right\"><strong>*<\/strong>&nbsp; Correspondence:\n<a href=\"mailto:melahinia@utoledo.edu\">melahinia@utoledo.edu<\/a>; Scopus ID: <a href=\"https:\/\/www.scopus.com\/authid\/detail.uri?authorId=9638289200\">9638289200<\/a><\/p>\n\n\n\n<p class=\"has-text-align-right\"><a href=\"mailto:mnemato@urockets.toledo.edu\">mnemato@urockets.toledo.edu<\/a>; Scopus ID: <a href=\"https:\/\/www.scopus.com\/authid\/detail.uri?authorId=57202372412\">57202372412<\/a><\/p>\n\n\n\n<p class=\"has-text-align-right\"><a href=\"mailto:shamsaei@auburn.edu\">shamsaei@auburn.edu<\/a>; Scopus ID: <a href=\"https:\/\/www.scopus.com\/authid\/detail.uri?origin=resultslist&amp;authorId=57207585112\">57207585112<\/a><\/p>\n\n\n\n<div class=\"wp-block-file alignright\"><a href=\"https:\/\/materials.international\/wp-content\/uploads\/2020\/02\/2668572821048048.pdf\" class=\"wp-block-file__button\" download>Download<\/a><\/div>\n\n\n\n<hr class=\"wp-block-separator is-style-wide\"\/>\n\n\n\n<p><\/p>\n\n\n\n<p><strong>6)  Call for papers on special issue \u201cPerovskite photovoltaics and optoelectronic devices\u201d <\/strong><\/p>\n\n\n\n<p class=\"has-text-align-right\"><a href=\"https:\/\/doi.org\/10.33263\/Materials21.049049\">https:\/\/doi.org\/10.33263\/Materials21.049049<\/a><\/p>\n\n\n\n<p><strong>Jing Wei <sup>1,*<\/sup><\/strong><a href=\"http:\/\/orcid.org\/0000-0003-2991-0123\"><\/a><\/p>\n\n\n\n<p><sup>1<\/sup>&nbsp;&nbsp; Beijing\nKey Laboratory of Construction Tailorable Advanced Functional Materials and\nGreen Applications, School of Materials Science &amp; Engineering Beijing\nInstitute of Technology, Beijing 10081,&nbsp;China<\/p>\n\n\n\n<p class=\"has-text-align-right\"><strong>*<\/strong>&nbsp; Correspondence:\n<a href=\"mailto:weijing@bit.edu.cn\">weijing@bit.edu.cn<\/a>; Scopus ID: <a href=\"https:\/\/www.scopus.com\/authid\/detail.uri?authorId=56404873000\">56404873000<\/a><\/p>\n\n\n\n<div class=\"wp-block-file alignright\"><a href=\"https:\/\/materials.international\/wp-content\/uploads\/2020\/02\/2668572821049049.pdf\" class=\"wp-block-file__button\" download>Download<\/a><\/div>\n\n\n\n<hr class=\"wp-block-separator is-style-wide\"\/>\n\n\n\n<p><\/p>\n\n\n\n<p><strong>7)  Call for papers on special issue \u201cAdvanced energy storage, conversion and application materials\u201d <\/strong><\/p>\n\n\n\n<p class=\"has-text-align-right\"><a href=\"https:\/\/doi.org\/10.33263\/Materials21.050050\">https:\/\/doi.org\/10.33263\/Materials21.050050<\/a><\/p>\n\n\n\n<p>Xiubo Xie <sup>1,*<\/sup><a href=\"https:\/\/orcid.org\/0000-0003-1267-0776\"><\/a><\/p>\n\n\n\n<p><sup>1<\/sup>&nbsp;&nbsp; School\nof Environmental and Material Engineering, Yantai University, No. 30 Qingquan\nRoad, Shandong, 264005,&nbsp;China <\/p>\n\n\n\n<p class=\"has-text-align-right\"><strong>*<\/strong>&nbsp; Correspondence: <a href=\"mailto:xiuboxie@ytu.edu.cn\">xiuboxie@ytu.edu.cn<\/a>; Scopus ID: <a href=\"https:\/\/www.scopus.com\/authid\/detail.uri?origin=resultslist&amp;authorId=57102307600\">57102307600<\/a><\/p>\n\n\n\n<div class=\"wp-block-file alignright\"><a href=\"https:\/\/materials.international\/wp-content\/uploads\/2020\/02\/2668572821050050.pdf\" class=\"wp-block-file__button\" download>Download<\/a><\/div>\n\n\n\n<hr class=\"wp-block-separator is-style-wide\"\/>\n\n\n\n<p><\/p>\n\n\n\n<p><\/p>\n\n\n\n<p><strong>8)  Call for papers on special issue \u201cCaloric effects and related materials\u201d <\/strong><\/p>\n\n\n\n<p class=\"has-text-align-right\"><a href=\"https:\/\/doi.org\/10.33263\/Materials21.051051\">https:\/\/doi.org\/10.33263\/Materials21.051051<\/a><\/p>\n\n\n\n<p>Xuexi Zhang <sup>1<\/sup><\/p>\n\n\n\n<p><a href=\"https:\/\/orcid.org\/0000-0002-7939-7025\"><\/a><sup>1<\/sup> School of Materials Science and Engineering, Harbin Institute of Technology, Harbin 150001, China <\/p>\n\n\n\n<p class=\"has-text-align-right\"><strong>*<\/strong>&nbsp; Correspondence: <a href=\"mailto:xxzhang@hit.edu.cn\">xxzhang@hit.edu.cn<\/a> | Scopus ID: <a href=\"https:\/\/www.scopus.com\/authid\/detail.uri?authorId=15125248900\">15125248900<\/a><\/p>\n\n\n\n<div class=\"wp-block-file alignright\"><a href=\"https:\/\/materials.international\/wp-content\/uploads\/2020\/02\/2668572821051051.pdf\" class=\"wp-block-file__button\" download>Download<\/a><\/div>\n\n\n\n<hr class=\"wp-block-separator is-style-wide\"\/>\n\n\n\n<p><\/p>\n\n\n\n<p><strong>9)  Call for papers on special issue \u201cSynthesis, characterization and functional devices application of novel two-dimensional materials\u201d<\/strong> <\/p>\n\n\n\n<p class=\"has-text-align-right\"><a href=\"https:\/\/doi.org\/10.33263\/Materials21.052052\">https:\/\/doi.org\/10.33263\/Materials21.052052<\/a><\/p>\n\n\n\n<p>Yu Zhou <sup>1,<\/sup>*, Shuang Yang <sup>2<\/sup>, Yumeng Yang <sup>3<\/sup>, Jizhong Song<sup> 4, <\/sup>*<sup> <\/sup><\/p>\n\n\n\n<p>  <sup>1<\/sup>  School of Physics and Electronics, Central South University; Changsha 410083, China <\/p>\n\n\n\n<p> <sup>2<\/sup>  School of Materials Science and Engineering, East China University of Science and Technology, China <\/p>\n\n\n\n<p> <sup>3<\/sup>  School of Information Science and Technology, ShanghaiTech University, Shanghai 201210, China<\/p>\n\n\n\n<p> <sup>4<\/sup>  College of Materials Science and Engineering, Nanjing University of Science and Technology, Nanjing 210094, China<\/p>\n\n\n\n<p class=\"has-text-align-right\">&nbsp;&nbsp;<strong>*<\/strong>&nbsp;&nbsp;&nbsp;&nbsp;&nbsp; Correspondence: <a href=\"mailto:yu.zhou@csu.edu.cn\">yu.zhou@csu.edu.cn<\/a> | Scopus ID <a href=\"https:\/\/www.scopus.com\/authid\/detail.uri?authorId=15125248900\">15125248900<\/a><\/p>\n\n\n\n<p class=\"has-text-align-right\"><a href=\"mailto:songjizhong@njust.edu.cn\">songjizhong@njust.edu.cn<\/a> | Scopus ID <a href=\"https:\/\/www.scopus.com\/authid\/detail.uri?authorId=36130558600\">36130558600<\/a><\/p>\n\n\n\n<div class=\"wp-block-file alignright\"><a href=\"https:\/\/materials.international\/wp-content\/uploads\/2020\/02\/2688572821052052.pdf\" class=\"wp-block-file__button\" download>Download<\/a><\/div>\n\n\n\n<hr class=\"wp-block-separator is-style-wide\"\/>\n\n\n\n<p><\/p>\n\n\n\n<p><strong>10)  Call for papers on special issue \u201cMaterials for Agricultural\u201d <\/strong><\/p>\n\n\n\n<p class=\"has-text-align-right\"><a href=\"https:\/\/doi.org\/10.33263\/Materials21.053053\">https:\/\/doi.org\/10.33263\/Materials21.053053<\/a><\/p>\n\n\n\n<p>Zhi Zhou <sup>1,<\/sup>*<sup> <\/sup><a href=\"http:\/\/orcid.org\/0000-0002-0547-506X\"><sup><\/sup><\/a><\/p>\n\n\n\n<ol class=\"wp-block-list\"><li>College of\nScience, Hunan Agricultural University, Changsha, 410128,&nbsp;P. R. China <\/li><\/ol>\n\n\n\n<p class=\"has-text-align-right\">&nbsp;&nbsp;<strong>*<\/strong>&nbsp;&nbsp;&nbsp;&nbsp;&nbsp; Correspondence:\n<a href=\"mailto:zhouzhi@hunan.edu.cn\">zhouzhi@hunan.edu.cn<\/a>|Scopus ID <a href=\"https:\/\/www.scopus.com\/authid\/detail.uri?origin=resultslist&amp;authorId=22987117700\">22987117700<\/a><\/p>\n\n\n\n<div class=\"wp-block-file alignright\"><a href=\"https:\/\/materials.international\/wp-content\/uploads\/2020\/03\/2688572821053053.pdf\" class=\"wp-block-file__button\" download>Download<\/a><\/div>\n\n\n\n<p><\/p>\n\n\n\n<hr class=\"wp-block-separator is-style-wide\"\/>\n\n\n\n<p><\/p>\n\n\n\n<p><strong>11)  Tunable electrochemical activity of polyaniline salt by doping anion exchange<\/strong> <\/p>\n\n\n\n<p class=\"has-text-align-right\"><a href=\"https:\/\/doi.org\/10.33263\/Materials21.054061\">https:\/\/doi.org\/10.33263\/Materials21.054061<\/a><\/p>\n\n\n\n<p>Bushra Begum <sup>1<\/sup>, Anwar-ul-Haq Ali Shah <sup>2<\/sup>, Salma Bilal <sup>1*<\/sup><\/p>\n\n\n\n<p><sup>1<\/sup>&nbsp;&nbsp; National\nCentre of Excellence in Physical Chemistry, University of Peshawar, 25120\nPeshawar, Pakistan&nbsp; <\/p>\n\n\n\n<p><sup>2&nbsp;&nbsp;&nbsp;&nbsp; <\/sup>Institute\nof Chemical Sciences, University of Peshawar, 25120 Peshawar, Pakistan <\/p>\n\n\n\n<p class=\"has-text-align-right\"><strong>*<\/strong>&nbsp; Correspondence:\n<a href=\"mailto:salmabilal@uop.edu.pk\">salmabilal@uop.edu.pk<\/a> | Scopus ID:\n&nbsp;<a href=\"https:\/\/www.scopus.com\/authid\/detail.uri?origin=resultslist&amp;authorId=24597471900\">24597471900<\/a><\/p>\n\n\n\n<p><\/p>\n\n\n\n<div class=\"wp-block-file alignright\"><a href=\"https:\/\/materials.international\/wp-content\/uploads\/2020\/03\/2668572821054061.pdf\" class=\"wp-block-file__button\" download>Download<\/a><\/div>\n\n\n\n<hr class=\"wp-block-separator is-style-wide\"\/>\n\n\n\n<p><\/p>\n\n\n\n<p><\/p>\n\n\n\n<p><\/p>\n\n\n\n<p><\/p>\n","protected":false},"excerpt":{"rendered":"<p>Issue 1 (10th March 2020), Volume 2, Materials International 1) Call for papers on special issue \u201cConcentrated solar power in industrial technologies, metallurgy and materials science\u201d https:\/\/doi.org\/10.33263\/Materials21.044044 Jaroslav Kovacik 1,* 1&nbsp;&nbsp; Institute of Materials and Machine Mechanics, Slovak Academy of Sciences, Bratislava, Slovakia *&nbsp; Correspondence: ummsjk@savba.sk; Scopus ID: 7004320408 2) Call for papers on special issue \u201cPerformance-based Service Life Design of reinforced recycled aggregate concrete\u201d https:\/\/doi.org\/10.33263\/Materials21.045045 Jorge de Brito 1,*, Rui Neves 2 1&nbsp;&nbsp; CERIS, IST, University of Lisbon,&nbsp;Portugal 2&nbsp; Polytechnic Institute of Setubal \u2013 Barreiro Technology School,&nbsp;Portugal *&nbsp; Correspondence: jb@civil.ist.utl.pt; Scopus ID: 7003285554 rui.neves@estbarreiro.ips.pt; Scopus ID: 12783216200 3) Call &hellip;<\/p>\n","protected":false},"author":1,"featured_media":0,"parent":1176,"menu_order":0,"comment_status":"closed","ping_status":"closed","template":"","meta":{"pagelayer_contact_templates":[],"_pagelayer_content":"","footnotes":""},"class_list":["post-1178","page","type-page","status-publish","hentry"],"_links":{"self":[{"href":"https:\/\/materials.international\/index.php?rest_route=\/wp\/v2\/pages\/1178","targetHints":{"allow":["GET"]}}],"collection":[{"href":"https:\/\/materials.international\/index.php?rest_route=\/wp\/v2\/pages"}],"about":[{"href":"https:\/\/materials.international\/index.php?rest_route=\/wp\/v2\/types\/page"}],"author":[{"embeddable":true,"href":"https:\/\/materials.international\/index.php?rest_route=\/wp\/v2\/users\/1"}],"replies":[{"embeddable":true,"href":"https:\/\/materials.international\/index.php?rest_route=%2Fwp%2Fv2%2Fcomments&post=1178"}],"version-history":[{"count":19,"href":"https:\/\/materials.international\/index.php?rest_route=\/wp\/v2\/pages\/1178\/revisions"}],"predecessor-version":[{"id":1698,"href":"https:\/\/materials.international\/index.php?rest_route=\/wp\/v2\/pages\/1178\/revisions\/1698"}],"up":[{"embeddable":true,"href":"https:\/\/materials.international\/index.php?rest_route=\/wp\/v2\/pages\/1176"}],"wp:attachment":[{"href":"https:\/\/materials.international\/index.php?rest_route=%2Fwp%2Fv2%2Fmedia&parent=1178"}],"curies":[{"name":"wp","href":"https:\/\/api.w.org\/{rel}","templated":true}]}}